{"id":214,"date":"2019-05-13T07:23:41","date_gmt":"2019-05-13T07:23:41","guid":{"rendered":"https:\/\/www.dry-ice-machine.com\/?page_id=214"},"modified":"2022-03-02T10:51:49","modified_gmt":"2022-03-02T02:51:49","slug":"index","status":"publish","type":"page","link":"https:\/\/www.dry-ice-machine.com\/vi\/","title":{"rendered":"Nh\u00e0 cung c\u1ea5p thi\u1ebft b\u1ecb s\u1ea3n xu\u1ea5t \u0111\u00e1 kh\u00f4 ho\u00e0n ch\u1ec9nh"},"content":{"rendered":"<h2 class=\"index-h2 wp-block-heading\" id=\"h-shuliy-machinery-co-ltd\">C\u00f4ng ty TNHH m\u00e1y m\u00f3c Shuliy<\/h2>    <div class=\"wp-block-image\"><figure class=\"aligncenter\"><img loading=\"lazy\" decoding=\"async\" width=\"571\" height=\"14\" src=\"https:\/\/www.dry-ice-machine.com\/wp-content\/uploads\/2019\/05\/fgx-1.png\" alt=\"\" class=\"wp-image-409\" title=\"\" srcset=\"https:\/\/www.dry-ice-machine.com\/wp-content\/uploads\/2019\/05\/fgx-1.png 571w, https:\/\/www.dry-ice-machine.com\/wp-content\/uploads\/2019\/05\/fgx-1-300x7.png 300w\" sizes=\"auto, (max-width: 571px) 100vw, 571px\" \/><\/figure><\/div>    <p class=\"has-text-align-left\">        M\u00e1y m\u00f3c Shuliy \u0111\u01b0\u1ee3c \u0111\u1eb7t t\u1ea1i th\u00e0nh ph\u1ed1 Zhengzhou xinh \u0111\u1eb9p, Trung Qu\u1ed1c, \u0111\u01b0\u1ee3c th\u00e0nh l\u1eadp v\u00e0o n\u0103m 2011 \u0111\u1ec3 ph\u00e1t tri\u1ec3n v\u00e0 s\u1ea3n xu\u1ea5t h\u00e0ng lo\u1ea1t s\u1ea3n ph\u1ea9m m\u00e1y l\u00e0m \u0111\u00e1 kh\u00f4. M\u00e1y l\u00e0m \u0111\u00e1 kh\u00f4 th\u01b0\u01a1ng hi\u1ec7u Shuliy v\u1edbi \u01b0u \u0111i\u1ec3m l\u00e0 h\u00e0m l\u01b0\u1ee3ng c\u00f4ng ngh\u1ec7 cao, ti\u00eau th\u1ee5 n\u0103ng l\u01b0\u1ee3ng to\u00e0n di\u1ec7n th\u1ea5p, chi ph\u00ed b\u1ea3o tr\u00ec th\u1ea5p, v\u1eadn h\u00e0nh \u1ed5n \u0111\u1ecbnh, d\u1ec5 v\u1eadn h\u00e0nh v\u00e0 d\u1ecbch v\u1ee5 h\u1eadu m\u00e3i h\u1ea1ng nh\u1ea5t \u0111\u00e3 l\u1ecdt v\u00e0o danh s\u00e1ch h\u00e0ng \u0111\u1ea7u v\u1ec1 th\u1ecb ph\u1ea7n trong v\u00e0 ngo\u00e0i n\u01b0\u1edbc. .<\/p>    <p>        M\u00e1y m\u00f3c Shuliy c\u1ee7a ch\u00fang t\u00f4i cam k\u1ebft ph\u00e1t tri\u1ec3n ng\u00e0nh b\u1ea3o v\u1ec7 m\u00f4i tr\u01b0\u1eddng v\u00e0 b\u1ea3o t\u1ed3n n\u0103ng l\u01b0\u1ee3ng, \u0111\u1ed3ng th\u1eddi ti\u1ebfp t\u1ee5c th\u00fac \u0111\u1ea9y \u0111\u00e1 kh\u00f4 \u0111\u01b0\u1ee3c s\u1eed d\u1ee5ng trong kho l\u1ea1nh th\u1ef1c ph\u1ea9m, v\u1eadn chuy\u1ec3n d\u00e2y chuy\u1ec1n l\u1ea1nh v\u00e0 l\u00e0m s\u1ea1ch \u0111\u00e1 kh\u00f4, \u0111\u00e1 kh\u00f4 \u0111\u1ec3 x\u1eed l\u00fd c\u00e1c tr\u1ee5c tr\u1eb7c v\u00e0 c\u00e1c l\u0129nh v\u1ef1c \u1ee9ng d\u1ee5ng kh\u00e1c, \u0111\u1eb7c bi\u1ec7t l\u00e0 trong c\u00f4ng nghi\u1ec7p l\u1ed1p xe, \u0111\u00fac cao su, s\u1ea3n xu\u1ea5t ph\u1ee5 t\u00f9ng \u00f4 t\u00f4, s\u1ea3n xu\u1ea5t m\u00e1y m\u00f3c v\u00e0 thi\u1ebft b\u1ecb h\u00e0ng kh\u00f4ng, c\u00f4ng nghi\u1ec7p khu\u00f4n m\u1eabu, thi\u1ebft b\u1ecb in \u1ea5n, h\u00f3a ch\u1ea5t m\u1ecf d\u1ea7u, \u0111i\u1ec7n t\u1eed ch\u00ednh x\u00e1c, thi\u1ebft b\u1ecb \u0111o \u0111\u1ea1c v\u00e0 c\u00e1c l\u0129nh v\u1ef1c kh\u00e1c.<\/p>    <div class=\"wp-block-columns has-2-columns is-layout-flex wp-container-core-columns-is-layout-9d6595d7 wp-block-columns-is-layout-flex\"> <div class=\"wp-block-column is-layout-flow wp-block-column-is-layout-flow\"> <figure class=\"wp-block-image\"><img loading=\"lazy\" decoding=\"async\" width=\"750\" height=\"608\" src=\"https:\/\/www.dry-ice-machine.com\/wp-content\/uploads\/2019\/05\/zs1.jpg\" alt=\"zs1\" class=\"wp-image-698\" title=\"\" srcset=\"https:\/\/www.dry-ice-machine.com\/wp-content\/uploads\/2019\/05\/zs1.jpg 750w, https:\/\/www.dry-ice-machine.com\/wp-content\/uploads\/2019\/05\/zs1-300x243.jpg 300w\" sizes=\"auto, (max-width: 750px) 100vw, 750px\" \/><\/figure> <\/div>    <div class=\"wp-block-column is-layout-flow wp-block-column-is-layout-flow\"> <h3 class=\"index-h3 wp-block-heading\" id=\"h-our-honor-certificates\">Gi\u1ea5y ch\u1ee9ng nh\u1eadn danh d\u1ef1 c\u1ee7a ch\u00fang t\u00f4i<\/h3>    <p>        Qua nhi\u1ec1u n\u0103m ph\u00e1t tri\u1ec3n, m\u00e1y m\u00f3c Shuliy \u0111\u00e3 tr\u1edf th\u00e0nh nh\u00e0 m\u00e1y chuy\u00ean nghi\u1ec7p s\u1ea3n xu\u1ea5t m\u00e1y l\u00e0m \u0111\u00e1 kh\u00f4 ch\u1ea5t l\u01b0\u1ee3ng cao. <\/p>    <p>Cho \u0111\u1ebfn nay, c\u00f4ng ty ch\u00fang t\u00f4i \u0111\u00e3 \u0111\u1ea1t \u0111\u01b0\u1ee3c c\u00e1c ch\u1ee9ng nh\u1eadn c\u1ee7a SGS, ISO, BV v\u00e0 CE, v.v. Trong m\u1ed9t th\u1eddi gian d\u00e0i, ch\u00fang t\u00f4i lu\u00f4n gi\u1eef nguy\u00ean t\u1eafc \u201cNghi\u00ean c\u1ee9u \u0111\u1ed5i m\u1edbi, ti\u1ebft ki\u1ec7m n\u0103ng l\u01b0\u1ee3ng \u0111\u1ec3 b\u1ea3o v\u1ec7 m\u00f4i tr\u01b0\u1eddng\u201d v\u00e0 m\u00e1y m\u00f3c c\u1ee7a ch\u00fang t\u00f4i \u0111\u01b0\u1ee3c trang b\u1ecb c\u00f4ng ngh\u1ec7 l\u00e0m \u0111\u00e1 kh\u00f4 h\u00e0ng \u0111\u1ea7u qu\u1ed1c t\u1ebf, b\u00ean c\u1ea1nh \u0111\u00f3, ch\u00fang t\u00f4i cung c\u1ea5p d\u1ecbch v\u1ee5 OEM cho kh\u00e1ch h\u00e0ng trong v\u00e0 ngo\u00e0i n\u01b0\u1edbc. .&nbsp;<\/p>    <p>D\u00f2ng s\u1ea3n ph\u1ea9m v\u00e0 thi\u1ebft b\u1ecb l\u00e0m \u0111\u00e1 kh\u00f4 Shuliy l\u00e2u n\u0103m xu\u1ea5t kh\u1ea9u \u0111\u1ebfn h\u01a1n 60 qu\u1ed1c gia v\u00e0 khu v\u1ef1c tr\u00ean to\u00e0n th\u1ebf gi\u1edbi, nh\u1eadn \u0111\u01b0\u1ee3c danh ti\u1ebfng t\u1ed1t t\u1eeb c\u00e1c chuy\u00ean gia v\u00e0 kh\u00e1ch h\u00e0ng n\u01b0\u1edbc ngo\u00e0i. <\/p> <\/div> <\/div>    <h2 class=\"index-h2 wp-block-heading\" id=\"h-why-choose-us\">t\u1ea1i sao ch\u1ecdn ch\u00fang t\u00f4i?<\/h2>    <div class=\"wp-block-image\"><figure class=\"aligncenter\"><img loading=\"lazy\" decoding=\"async\" width=\"571\" height=\"14\" src=\"https:\/\/www.dry-ice-machine.com\/wp-content\/uploads\/2019\/05\/fgx-1.png\" alt=\"\" class=\"wp-image-409\" title=\"\" srcset=\"https:\/\/www.dry-ice-machine.com\/wp-content\/uploads\/2019\/05\/fgx-1.png 571w, https:\/\/www.dry-ice-machine.com\/wp-content\/uploads\/2019\/05\/fgx-1-300x7.png 300w\" sizes=\"auto, (max-width: 571px) 100vw, 571px\" \/><\/figure><\/div>    <h3 class=\"wp-block-heading\" id=\"h-company-ambitions\">Tham v\u1ecdng c\u1ee7a c\u00f4ng ty<\/h3>    <p>Shuli Machinery chuy\u00ean thi\u1ebft k\u1ebf v\u00e0 s\u1ea3n xu\u1ea5t thi\u1ebft b\u1ecb m\u00e1y l\u00e0m \u0111\u00e1 kh\u00f4 v\u00e0 c\u00f3 th\u1ec3 cung c\u1ea5p cho b\u1ea1n m\u00e1y l\u00e0m \u0111\u00e1 kh\u00f4 ho\u1eb7c d\u00e2y chuy\u1ec1n s\u1ea3n xu\u1ea5t \u0111\u00e1 kh\u00f4 ph\u00f9 h\u1ee3p nh\u1ea5t. M\u00e1y m\u00f3c Shuliy cam k\u1ebft xu\u1ea5t kh\u1ea9u m\u00e1y m\u00f3c ch\u1ea5t l\u01b0\u1ee3ng cao t\u1eeb Trung Qu\u1ed1c sang c\u00e1c n\u01b0\u1edbc c\u00f3 nhu c\u1ea7u, chi\u1ebfm \u0111\u01b0\u1ee3c l\u00f2ng tin c\u1ee7a kh\u00e1ch h\u00e0ng t\u1eeb kh\u1eafp n\u01a1i tr\u00ean th\u1ebf gi\u1edbi b\u1eb1ng s\u1ef1 ch\u00ednh tr\u1ef1c v\u00e0 ch\u1ea5t l\u01b0\u1ee3ng, \u0111\u1ed3ng th\u1eddi hy v\u1ecdng r\u1eb1ng kh\u00e1ch h\u00e0ng s\u1ebd s\u1eed d\u1ee5ng m\u00e1y m\u00f3c c\u1ee7a ch\u00fang t\u00f4i \u0111\u1ec3 th\u00fac \u0111\u1ea9y s\u1ea3n xu\u1ea5t, n\u00e2ng cao hi\u1ec7u qu\u1ea3 v\u00e0 t\u0103ng thu nh\u1eadp . Ch\u00fang t\u00f4i s\u1ebd ti\u1ebfp t\u1ee5c c\u1ea3i thi\u1ec7n ch\u1ea5t l\u01b0\u1ee3ng s\u1ea3n ph\u1ea9m v\u00e0 t\u1ea1o ra tr\u1ea3i nghi\u1ec7m ng\u01b0\u1eddi d\u00f9ng t\u1ed1t h\u01a1n, \u0111\u1ed3ng th\u1eddi ph\u1ea5n \u0111\u1ea5u tr\u1edf th\u00e0nh \u0111\u1ed1i t\u00e1c xu\u1ea5t s\u1eafc, r\u1ea5t \u0111\u00e1ng tin c\u1eady v\u00e0 s\u1eb5n s\u00e0ng h\u1ee3p t\u00e1c l\u00e2u d\u00e0i c\u1ee7a b\u1ea1n. <\/p>    <figure class=\"wp-block-embed is-type-video is-provider-youtube wp-block-embed-youtube wp-embed-aspect-16-9 wp-has-aspect-ratio\"><div class=\"wp-block-embed__wrapper\"> <iframe loading=\"lazy\" title=\"Amazing Dry Ice: M\u00e1y l\u00e0m \u0111\u00e1 kh\u00f4 vi\u00ean \u0111\u00e1 kh\u00f4, \u0111\u00e1 kh\u00f4 kh\u1ed1i v\u1edbi nhi\u1ec1u th\u00f4ng s\u1ed1 k\u1ef9 thu\u1eadt kh\u00e1c nhau\" width=\"1200\" height=\"675\" src=\"https:\/\/www.youtube.com\/embed\/R0qVjPmlBVc?feature=oembed&#038;enablejsapi=1&#038;origin=https:\/\/www.dry-ice-machine.com\" frameborder=\"0\" allow=\"accelerometer; autoplay; clipboard-write; encrypted-media; gyroscope; picture-in-picture\" allowfullscreen><\/iframe> <\/div><figcaption>Nh\u00e0 m\u00e1y s\u1ea3n xu\u1ea5t m\u00e1y l\u00e0m \u0111\u00e1 kh\u00f4<\/figcaption><\/figure>    <h3 class=\"wp-block-heading\" id=\"h-customer-services\">D\u1ecbch v\u1ee5 kh\u00e1ch h\u00e0ng<\/h3>    <p class=\"translation-block\"><strong>Tr\u01b0\u1edbc-b\u00e1n h\u00e0ng: <\/strong>nh\u00e2n vi\u00ean ch\u0103m s\u00f3c kh\u00e1ch h\u00e0ng v\u00e0 t\u01b0 v\u1ea5n vi\u00ean s\u1ebd duy tr\u00ec li\u00ean l\u1ea1c li\u00ean t\u1ee5c v\u1edbi kh\u00e1ch h\u00e0ng v\u1ec1 \u0111\u1eb7c \u0111i\u1ec3m s\u1ea3n ph\u1ea9m c\u1ee7a m\u00e1y x\u1eed l\u00fd CO2 l\u1ea1nh v\u00e0 c\u00e1c chi ti\u1ebft, ch\u1ea5t l\u01b0\u1ee3ng, \u0111\u00f3ng g\u00f3i v\u00e0 v\u1eadn chuy\u1ec3n. Nghi\u00ean c\u1ee9u v\u1edbi kh\u00e1ch h\u00e0ng v\u1ec1 th\u1ecb tr\u01b0\u1eddng \u0111\u1ecba ph\u01b0\u01a1ng cho nhu c\u1ea7u hi\u1ec7n c\u00f3 v\u00e0 c\u00f3 th\u1ec3 c\u00f3 trong t\u01b0\u01a1ng lai, s\u1ea3n ph\u1ea9m CO2 l\u1ea1nh, gi\u00e1 v\u00e0 \u0111\u1ecbnh v\u1ecb ti\u1ebfp th\u1ecb. Bi\u1ebft \u0111\u01b0\u1ee3c kh\u00e1ch h\u00e0ng c\u00f3 kh\u1ea3 n\u0103ng l\u1eafp r\u00e1p c\u00e1c linh ki\u1ec7n v\u00e0 th\u00e0nh ph\u1ea7n, nh\u01b0 kho b\u00e3i, lao \u0111\u1ed9ng, v.v. C\u1ed1 g\u1eafng gi\u1ea3m chi ph\u00ed mua h\u00e0ng c\u1ee7a kh\u00e1ch h\u00e0ng b\u1eb1ng c\u00e1ch t\u00ednh to\u00e1n m\u1ecdi chi ti\u1ebft. <\/p>    <p class=\"translation-block\"><strong>Sau-b\u00e1n h\u00e0ng: <\/strong>khi \u0111\u01a1n \u0111\u1eb7t h\u00e0ng c\u1ee7a kh\u00e1ch h\u00e0ng \u0111\u01b0\u1ee3c x\u00e1c nh\u1eadn, ch\u00fang t\u00f4i s\u1ebd s\u1eafp x\u1ebfp giao h\u00e0ng c\u00e0ng s\u1edbm c\u00e0ng t\u1ed1t v\u00e0 th\u00f4ng b\u00e1o cho kh\u00e1ch h\u00e0ng v\u1ec1 th\u00f4ng tin logistics k\u1ecbp th\u1eddi. N\u1ebfu kh\u00e1ch h\u00e0ng c\u1ea7n, ch\u00fang t\u00f4i c\u00f3 th\u1ec3 s\u1eafp x\u1ebfp k\u1ef9 thu\u1eadt vi\u00ean \u0111\u1ebfn \u0111\u1ecba \u0111i\u1ec3m c\u1ee7a kh\u00e1ch h\u00e0ng \u0111\u1ec3 h\u01b0\u1edbng d\u1eabn l\u1eafp \u0111\u1eb7t v\u00e0 v\u1eadn h\u00e0nh, v\u00e0 h\u01b0\u1edbng d\u1eabn quy tr\u00ecnh s\u1ea3n xu\u1ea5t m\u1ed9t c\u00e1ch chi ti\u1ebft. N\u1ebfu kh\u00e1ch h\u00e0ng mua ph\u1ee5 ki\u1ec7n c\u1ee7a m\u00e1y, ch\u00fang t\u00f4i c\u00f3 th\u1ec3 cung c\u1ea5p gi\u1ea3m gi\u00e1 \u0111\u1ec3 mang l\u1ea1i gi\u00e1 t\u1ed1t nh\u1ea5t cho kh\u00e1ch h\u00e0ng. <\/p>    <div class=\"wp-block-columns has-2-columns is-layout-flex wp-container-core-columns-is-layout-9d6595d7 wp-block-columns-is-layout-flex\"> <div class=\"wp-block-column is-layout-flow wp-block-column-is-layout-flow\"> <figure class=\"wp-block-image\"><img loading=\"lazy\" decoding=\"async\" width=\"500\" height=\"375\" src=\"https:\/\/www.dry-ice-machine.com\/wp-content\/uploads\/2019\/05\/factory-1.jpg\" alt=\"nh\u00e0 m\u00e1y s\u1ea3n xu\u1ea5t m\u00e1y l\u00e0m \u0111\u00e1 kh\u00f4\" class=\"wp-image-692\" title=\"\" srcset=\"https:\/\/www.dry-ice-machine.com\/wp-content\/uploads\/2019\/05\/factory-1.jpg 500w, https:\/\/www.dry-ice-machine.com\/wp-content\/uploads\/2019\/05\/factory-1-300x225.jpg 300w\" sizes=\"auto, (max-width: 500px) 100vw, 500px\" \/><figcaption>Nh\u00e0 m\u00e1y s\u1ea3n xu\u1ea5t m\u00e1y l\u00e0m \u0111\u00e1 kh\u00f4<\/figcaption><\/figure>    <figure class=\"wp-block-image\"><img loading=\"lazy\" decoding=\"async\" width=\"500\" height=\"375\" src=\"https:\/\/www.dry-ice-machine.com\/wp-content\/uploads\/2019\/05\/factory-3.jpg\" alt=\"nh\u00e0 s\u1ea3n xu\u1ea5t m\u00e1y l\u00e0m \u0111\u00e1 kh\u00f4\" class=\"wp-image-695\" title=\"\" srcset=\"https:\/\/www.dry-ice-machine.com\/wp-content\/uploads\/2019\/05\/factory-3.jpg 500w, https:\/\/www.dry-ice-machine.com\/wp-content\/uploads\/2019\/05\/factory-3-300x225.jpg 300w\" sizes=\"auto, (max-width: 500px) 100vw, 500px\" \/><figcaption>Nh\u00e0 s\u1ea3n xu\u1ea5t m\u00e1y l\u00e0m \u0111\u00e1 kh\u00f4<\/figcaption><\/figure> <\/div>    <div class=\"wp-block-column is-layout-flow wp-block-column-is-layout-flow\"> <figure class=\"wp-block-image\"><img loading=\"lazy\" decoding=\"async\" width=\"500\" height=\"375\" src=\"https:\/\/www.dry-ice-machine.com\/wp-content\/uploads\/2019\/05\/factory-2.jpg\" alt=\"x\u01b0\u1edfng s\u1ea3n xu\u1ea5t m\u00e1y l\u00e0m \u0111\u00e1 kh\u00f4\" class=\"wp-image-694\" title=\"\" srcset=\"https:\/\/www.dry-ice-machine.com\/wp-content\/uploads\/2019\/05\/factory-2.jpg 500w, https:\/\/www.dry-ice-machine.com\/wp-content\/uploads\/2019\/05\/factory-2-300x225.jpg 300w\" sizes=\"auto, (max-width: 500px) 100vw, 500px\" \/><figcaption>X\u01b0\u1edfng m\u00e1y l\u00e0m \u0111\u00e1 kh\u00f4<\/figcaption><\/figure>    <figure class=\"wp-block-image\"><img loading=\"lazy\" decoding=\"async\" width=\"500\" height=\"375\" src=\"https:\/\/www.dry-ice-machine.com\/wp-content\/uploads\/2019\/05\/factory-4.jpg\" alt=\"h\u1ed9p gi\u1eef nhi\u1ec7t \u0111\u00e1 kh\u00f4\" class=\"wp-image-696\" title=\"\" srcset=\"https:\/\/www.dry-ice-machine.com\/wp-content\/uploads\/2019\/05\/factory-4.jpg 500w, https:\/\/www.dry-ice-machine.com\/wp-content\/uploads\/2019\/05\/factory-4-300x225.jpg 300w\" sizes=\"auto, (max-width: 500px) 100vw, 500px\" \/><figcaption>H\u1ed9p b\u1ea3o qu\u1ea3n nhi\u1ec7t \u0111\u00e1 kh\u00f4<\/figcaption><\/figure> <\/div> <\/div>    <h2 class=\"index-h2 wp-block-heading\" id=\"h-our-main-products\">s\u1ea3n ph\u1ea9m ch\u00ednh c\u1ee7a ch\u00fang t\u00f4i<\/h2>    <div class=\"wp-block-image\"><figure class=\"aligncenter\"><img loading=\"lazy\" decoding=\"async\" width=\"571\" height=\"14\" src=\"https:\/\/www.dry-ice-machine.com\/wp-content\/uploads\/2019\/05\/fgx-1.png\" alt=\"\" class=\"wp-image-409\" title=\"\" srcset=\"https:\/\/www.dry-ice-machine.com\/wp-content\/uploads\/2019\/05\/fgx-1.png 571w, https:\/\/www.dry-ice-machine.com\/wp-content\/uploads\/2019\/05\/fgx-1-300x7.png 300w\" sizes=\"auto, (max-width: 571px) 100vw, 571px\" \/><\/figure><\/div>   <div class=\"pt-cv-wrapper\"><div class=\"pt-cv-view pt-cv-grid pt-cv-colsys\" id=\"pt-cv-view-5a62adbnu0\"><div data-id=\"pt-cv-page-1\" class=\"pt-cv-page\" data-cvc=\"3\"><div class=\"col-md-4 col-sm-4 col-xs-6 pt-cv-content-item pt-cv-1-col\"  data-pid=\"480\"><div class='pt-cv-ifield'><a href=\"https:\/\/www.dry-ice-machine.com\/vi\/complete-set-of-dry-ice-granule-briquetting-machines\/\" class=\"_self pt-cv-href-thumbnail pt-cv-thumb-default cvplbd\" target=\"_self\" ><img loading=\"lazy\" decoding=\"async\" width=\"300\" height=\"218\" src=\"https:\/\/www.dry-ice-machine.com\/wp-content\/uploads\/2019\/05\/complete-set-of-dry-ice-1-1-300x218.jpg\" class=\"pt-cv-thumbnail\" alt=\"B\u1ed9 m\u00e1y \u0111\u00f3ng vi\u00ean h\u1ea1t \u0111\u00e1 kh\u00f4 ho\u00e0n ch\u1ec9nh\" srcset=\"https:\/\/www.dry-ice-machine.com\/wp-content\/uploads\/2019\/05\/complete-set-of-dry-ice-1-1-300x218.jpg 300w, https:\/\/www.dry-ice-machine.com\/wp-content\/uploads\/2019\/05\/complete-set-of-dry-ice-1-1.jpg 350w\" sizes=\"auto, (max-width: 300px) 100vw, 300px\" title=\"\"><\/a> <h4 class=\"pt-cv-title\"><a href=\"https:\/\/www.dry-ice-machine.com\/vi\/complete-set-of-dry-ice-granule-briquetting-machines\/\" class=\"_self cvplbd\" target=\"_self\" >B\u1ed9 m\u00e1y \u0111\u00f3ng vi\u00ean h\u1ea1t \u0111\u00e1 kh\u00f4 ho\u00e0n ch\u1ec9nh<\/a><\/h4><\/div><\/div> <div class=\"col-md-4 col-sm-4 col-xs-6 pt-cv-content-item pt-cv-1-col\"  data-pid=\"180\"><div class='pt-cv-ifield'><a href=\"https:\/\/www.dry-ice-machine.com\/vi\/dry-ice-blasting-machine\/\" class=\"_self pt-cv-href-thumbnail pt-cv-thumb-default cvplbd\" target=\"_self\" ><img loading=\"lazy\" decoding=\"async\" width=\"300\" height=\"218\" src=\"https:\/\/www.dry-ice-machine.com\/wp-content\/uploads\/2019\/05\/dry-ice-blasting-1-300x218.jpg\" class=\"pt-cv-thumbnail\" alt=\"M\u00e1y phun \u0111\u00e1 kh\u00f4 | Thi\u1ebft b\u1ecb l\u00e0m s\u1ea1ch b\u1eb1ng \u0111\u00e1 kh\u00f4\" srcset=\"https:\/\/www.dry-ice-machine.com\/wp-content\/uploads\/2019\/05\/dry-ice-blasting-1-300x218.jpg 300w, https:\/\/www.dry-ice-machine.com\/wp-content\/uploads\/2019\/05\/dry-ice-blasting-1-768x557.jpg 768w, https:\/\/www.dry-ice-machine.com\/wp-content\/uploads\/2019\/05\/dry-ice-blasting-1.jpg 780w\" sizes=\"auto, (max-width: 300px) 100vw, 300px\" title=\"\"><\/a> <h4 class=\"pt-cv-title\"><a href=\"https:\/\/www.dry-ice-machine.com\/vi\/dry-ice-blasting-machine\/\" class=\"_self cvplbd\" target=\"_self\" >M\u00e1y phun \u0111\u00e1 kh\u00f4 | Thi\u1ebft b\u1ecb l\u00e0m s\u1ea1ch b\u1eb1ng \u0111\u00e1 kh\u00f4<\/a><\/h4><\/div><\/div> <div class=\"col-md-4 col-sm-4 col-xs-6 pt-cv-content-item pt-cv-1-col\"  data-pid=\"31\"><div class='pt-cv-ifield'><a href=\"https:\/\/www.dry-ice-machine.com\/vi\/dry-ice-block-machine\/\" class=\"_self pt-cv-href-thumbnail pt-cv-thumb-default cvplbd\" target=\"_self\" ><img loading=\"lazy\" decoding=\"async\" width=\"720\" height=\"540\" src=\"https:\/\/www.dry-ice-machine.com\/wp-content\/uploads\/2019\/05\/dry-ice-block-machine-5.jpg\" class=\"pt-cv-thumbnail\" alt=\"m\u00e1y l\u00e0m \u0111\u00e1 kh\u00f4\" title=\"\"><\/a> <h4 class=\"pt-cv-title\"><a href=\"https:\/\/www.dry-ice-machine.com\/vi\/dry-ice-block-machine\/\" class=\"_self cvplbd\" target=\"_self\" >M\u00e1y l\u00e0m \u0111\u00e1 kh\u00f4 |  M\u00e1y s\u1ea3n xu\u1ea5t \u0111\u00e1 kh\u00f4<\/a><\/h4><\/div><\/div> <div class=\"col-md-4 col-sm-4 col-xs-6 pt-cv-content-item pt-cv-1-col\"  data-pid=\"478\"><div class='pt-cv-ifield'><a href=\"https:\/\/www.dry-ice-machine.com\/vi\/dry-ice-granule-briquetting-machine\/\" class=\"_self pt-cv-href-thumbnail pt-cv-thumb-default cvplbd\" target=\"_self\" ><img loading=\"lazy\" decoding=\"async\" width=\"300\" height=\"218\" src=\"https:\/\/www.dry-ice-machine.com\/wp-content\/uploads\/2019\/05\/dry-ice-granule-briquetting-machine-1-300x218.jpg\" class=\"pt-cv-thumbnail\" alt=\"M\u00e1y \u0111\u00f3ng b\u00e1nh d\u1ea1ng h\u1ea1t \u0111\u00e1 kh\u00f4\" srcset=\"https:\/\/www.dry-ice-machine.com\/wp-content\/uploads\/2019\/05\/dry-ice-granule-briquetting-machine-1-300x218.jpg 300w, https:\/\/www.dry-ice-machine.com\/wp-content\/uploads\/2019\/05\/dry-ice-granule-briquetting-machine-1-768x557.jpg 768w, https:\/\/www.dry-ice-machine.com\/wp-content\/uploads\/2019\/05\/dry-ice-granule-briquetting-machine-1.jpg 1024w\" sizes=\"auto, (max-width: 300px) 100vw, 300px\" title=\"\"><\/a> <h4 class=\"pt-cv-title\"><a href=\"https:\/\/www.dry-ice-machine.com\/vi\/dry-ice-granule-briquetting-machine\/\" class=\"_self cvplbd\" target=\"_self\" >M\u00e1y \u0111\u00f3ng b\u00e1nh d\u1ea1ng h\u1ea1t \u0111\u00e1 kh\u00f4<\/a><\/h4><\/div><\/div> <div class=\"col-md-4 col-sm-4 col-xs-6 pt-cv-content-item pt-cv-1-col\"  data-pid=\"182\"><div class='pt-cv-ifield'><a href=\"https:\/\/www.dry-ice-machine.com\/vi\/dry-ice-heat-preservation-box\/\" class=\"_self pt-cv-href-thumbnail pt-cv-thumb-default cvplbd\" target=\"_self\" ><img loading=\"lazy\" decoding=\"async\" width=\"300\" height=\"218\" src=\"https:\/\/www.dry-ice-machine.com\/wp-content\/uploads\/2019\/05\/dibox-300x218.jpg\" class=\"pt-cv-thumbnail\" alt=\"H\u1ed9p gi\u1eef nhi\u1ec7t \u0111\u00e1 kh\u00f4\" srcset=\"https:\/\/www.dry-ice-machine.com\/wp-content\/uploads\/2019\/05\/dibox-300x218.jpg 300w, https:\/\/www.dry-ice-machine.com\/wp-content\/uploads\/2019\/05\/dibox-768x557.jpg 768w, https:\/\/www.dry-ice-machine.com\/wp-content\/uploads\/2019\/05\/dibox.jpg 780w\" sizes=\"auto, (max-width: 300px) 100vw, 300px\" title=\"\"><\/a> <h4 class=\"pt-cv-title\"><a href=\"https:\/\/www.dry-ice-machine.com\/vi\/dry-ice-heat-preservation-box\/\" class=\"_self cvplbd\" target=\"_self\" >H\u1ed9p gi\u1eef nhi\u1ec7t \u0111\u00e1 kh\u00f4<\/a><\/h4><\/div><\/div> <div class=\"col-md-4 col-sm-4 col-xs-6 pt-cv-content-item pt-cv-1-col\"  data-pid=\"178\"><div class='pt-cv-ifield'><a href=\"https:\/\/www.dry-ice-machine.com\/vi\/dry-ice-granular-machine\/\" class=\"_self pt-cv-href-thumbnail pt-cv-thumb-default cvplbd\" target=\"_self\" ><img loading=\"lazy\" decoding=\"async\" width=\"300\" height=\"218\" src=\"https:\/\/www.dry-ice-machine.com\/wp-content\/uploads\/2019\/05\/dry-ice-granular-1-300x218.jpg\" class=\"pt-cv-thumbnail\" alt=\"M\u00e1y t\u1ea1o vi\u00ean \u0111\u00e1 kh\u00f4 | M\u00e1y l\u00e0m vi\u00ean \u0111\u00e1 kh\u00f4\" srcset=\"https:\/\/www.dry-ice-machine.com\/wp-content\/uploads\/2019\/05\/dry-ice-granular-1-300x218.jpg 300w, https:\/\/www.dry-ice-machine.com\/wp-content\/uploads\/2019\/05\/dry-ice-granular-1-768x557.jpg 768w, https:\/\/www.dry-ice-machine.com\/wp-content\/uploads\/2019\/05\/dry-ice-granular-1.jpg 780w\" sizes=\"auto, (max-width: 300px) 100vw, 300px\" title=\"\"><\/a> <h4 class=\"pt-cv-title\"><a href=\"https:\/\/www.dry-ice-machine.com\/vi\/dry-ice-granular-machine\/\" class=\"_self cvplbd\" target=\"_self\" >M\u00e1y t\u1ea1o vi\u00ean \u0111\u00e1 kh\u00f4 | M\u00e1y l\u00e0m vi\u00ean \u0111\u00e1 kh\u00f4<\/a><\/h4><\/div><\/div><\/div><\/div><\/div>\t\t\t<style type=\"text\/css\" id=\"pt-cv-inline-style-cd49c243iz\">#pt-cv-view-5a62adbnu0 .pt-cv-title a, #pt-cv-view-5a62adbnu0  .panel-title { font-weight: 600 !important; } #pt-cv-view-5a62adbnu0 .pt-cv-readmore  { color: #ffffff !important; background-color: #00aeef !important; } #pt-cv-view-5a62adbnu0 .pt-cv-readmore:hover  { color: #ffffff !important; background-color: #00aeef !important; }<\/style>  \t\t\t    <hr class=\"wp-block-separator\"\/>    <div class=\"wp-block-columns has-3-columns is-layout-flex wp-container-core-columns-is-layout-9d6595d7 wp-block-columns-is-layout-flex\"> <div class=\"wp-block-column is-layout-flow wp-block-column-is-layout-flow\"> <h3 class=\"index-h3 wp-block-heading\" id=\"h-customer-cases\">Tr\u01b0\u1eddng h\u1ee3p kh\u00e1ch h\u00e0ng<\/h3>    <p class=\"has-background\" style=\"background-color:#ebf1f9;font-size:1px\">(T\u1ea5t c\u1ea3 c\u00e1c tr\u01b0\u1eddng h\u1ee3p \u0111\u01b0\u1ee3c c\u00f4ng b\u1ed1 v\u1edbi s\u1ef1 cho ph\u00e9p c\u1ee7a kh\u00e1ch h\u00e0ng)<\/p> <\/div>    <div class=\"wp-block-column is-layout-flow wp-block-column-is-layout-flow\"> <figure class=\"wp-block-image\"><img loading=\"lazy\" decoding=\"async\" width=\"426\" height=\"277\" src=\"https:\/\/www.dry-ice-machine.com\/wp-content\/uploads\/2019\/05\/customer-1.png\" alt=\"\" class=\"wp-image-421\" title=\"\" srcset=\"https:\/\/www.dry-ice-machine.com\/wp-content\/uploads\/2019\/05\/customer-1.png 426w, https:\/\/www.dry-ice-machine.com\/wp-content\/uploads\/2019\/05\/customer-1-300x195.png 300w\" sizes=\"auto, (max-width: 426px) 100vw, 426px\" \/><\/figure> <\/div>    <div class=\"wp-block-column is-layout-flow wp-block-column-is-layout-flow\"> <figure class=\"wp-block-image\"><img loading=\"lazy\" decoding=\"async\" width=\"409\" height=\"275\" src=\"https:\/\/www.dry-ice-machine.com\/wp-content\/uploads\/2019\/05\/customer-10.png\" alt=\"\" class=\"wp-image-420\" title=\"\" srcset=\"https:\/\/www.dry-ice-machine.com\/wp-content\/uploads\/2019\/05\/customer-10.png 409w, https:\/\/www.dry-ice-machine.com\/wp-content\/uploads\/2019\/05\/customer-10-300x202.png 300w\" sizes=\"auto, (max-width: 409px) 100vw, 409px\" \/><\/figure> <\/div> <\/div>","protected":false},"excerpt":{"rendered":"<p class=\"translation-block\">C\u00f4ng ty TNHH m\u00e1y m\u00f3c Shuliy. M\u00e1y m\u00f3c Shuliy t\u1ecda l\u1ea1c t\u1ea1i th\u00e0nh ph\u1ed1 xinh \u0111\u1eb9p Tr\u1ecbnh Ch\u00e2u, Trung Qu\u1ed1c, \u0111\u01b0\u1ee3c th\u00e0nh l\u1eadp v\u00e0o n\u0103m 2011 \u0111\u1ec3 ph\u00e1t tri\u1ec3n v\u00e0 s\u1ea3n xu\u1ea5t m\u1ed9t lo\u1ea1t c\u00e1c s\u1ea3n ph\u1ea9m m\u00e1y kh\u00f4 \u0111\u00e1. M\u00e1y kh\u00f4 \u0111\u00e1 th\u01b0\u01a1ng hi\u1ec7u Shuliy v\u1edbi nh\u1eefng \u01b0u \u0111i\u1ec3m nh\u01b0 n\u1ed9i dung c\u00f4ng ngh\u1ec7 cao, ti\u00eau th\u1ee5 n\u0103ng l\u01b0\u1ee3ng to\u00e0n di\u1ec7n th\u1ea5p, chi ph\u00ed b\u1ea3o tr\u00ec th\u1ea5p, ho\u1ea1t \u0111\u1ed9ng \u1ed5n \u0111\u1ecbnh, d\u1ec5 v\u1eadn h\u00e0nh v\u00e0 ch\u1ea5t l\u01b0\u1ee3ng h\u00e0ng \u0111\u1ea7u \u2026 <a title=\"Nh\u00e0 cung c\u1ea5p thi\u1ebft b\u1ecb s\u1ea3n xu\u1ea5t kh\u00f4 \u0111\u00e1 ho\u00e0n ch\u1ec9nh\" class=\"read-more\" href=\"https:\/\/www.dry-ice-machine.com\/vi\/\" aria-label=\"\u0110\u1ecdc th\u00eam v\u1ec1 Nh\u00e0 cung c\u1ea5p thi\u1ebft b\u1ecb s\u1ea3n xu\u1ea5t kh\u00f4 \u0111\u00e1 ho\u00e0n ch\u1ec9nh\">\u0110\u1ecdc th\u00eam<\/a><\/p>","protected":false},"author":1,"featured_media":0,"parent":0,"menu_order":0,"comment_status":"closed","ping_status":"closed","template":"","meta":{"footnotes":""},"class_list":["post-214","page","type-page","status-publish"],"_links":{"self":[{"href":"https:\/\/www.dry-ice-machine.com\/vi\/wp-json\/wp\/v2\/pages\/214","targetHints":{"allow":["GET"]}}],"collection":[{"href":"https:\/\/www.dry-ice-machine.com\/vi\/wp-json\/wp\/v2\/pages"}],"about":[{"href":"https:\/\/www.dry-ice-machine.com\/vi\/wp-json\/wp\/v2\/types\/page"}],"author":[{"embeddable":true,"href":"https:\/\/www.dry-ice-machine.com\/vi\/wp-json\/wp\/v2\/users\/1"}],"replies":[{"embeddable":true,"href":"https:\/\/www.dry-ice-machine.com\/vi\/wp-json\/wp\/v2\/comments?post=214"}],"version-history":[{"count":0,"href":"https:\/\/www.dry-ice-machine.com\/vi\/wp-json\/wp\/v2\/pages\/214\/revisions"}],"wp:attachment":[{"href":"https:\/\/www.dry-ice-machine.com\/vi\/wp-json\/wp\/v2\/media?parent=214"}],"curies":[{"name":"wp","href":"https:\/\/api.w.org\/{rel}","templated":true}]}}