{"id":214,"date":"2019-05-13T07:23:41","date_gmt":"2019-05-13T07:23:41","guid":{"rendered":"https:\/\/www.dry-ice-machine.com\/?page_id=214"},"modified":"2022-03-02T10:51:49","modified_gmt":"2022-03-02T02:51:49","slug":"index","status":"publish","type":"page","link":"https:\/\/www.dry-ice-machine.com\/fr\/","title":{"rendered":"Fournisseur d'\u00e9quipements complets de fabrication de glace carbonique"},"content":{"rendered":"<h2 class=\"index-h2 wp-block-heading\" id=\"h-shuliy-machinery-co-ltd\">Machines Shuliy Co., Ltd.<\/h2>    <div class=\"wp-block-image\"><figure class=\"aligncenter\"><img loading=\"lazy\" decoding=\"async\" width=\"571\" height=\"14\" src=\"https:\/\/www.dry-ice-machine.com\/wp-content\/uploads\/2019\/05\/fgx-1.png\" alt=\"\" class=\"wp-image-409\" title=\"\" srcset=\"https:\/\/www.dry-ice-machine.com\/wp-content\/uploads\/2019\/05\/fgx-1.png 571w, https:\/\/www.dry-ice-machine.com\/wp-content\/uploads\/2019\/05\/fgx-1-300x7.png 300w\" sizes=\"auto, (max-width: 571px) 100vw, 571px\" \/><\/figure><\/div>    <p class=\"has-text-align-left\">        Shuliy Machinery est situ\u00e9e dans la belle ville de Zhengzhou, en Chine, qui a \u00e9t\u00e9 fond\u00e9e en 2011 pour d\u00e9velopper et fabriquer une s\u00e9rie de produits de machines \u00e0 glace carbonique. Les machines \u00e0 glace carbonique de marque Shuliy, pr\u00e9sentant les avantages d'un contenu de haute technologie, d'une faible consommation d'\u00e9nergie globale, de faibles co\u00fbts de maintenance, d'un fonctionnement stable, d'une utilisation facile et d'un service apr\u00e8s-vente de premi\u00e8re classe, figurent en t\u00eate de liste en termes de part de march\u00e9 nationale et \u00e9trang\u00e8re. .<\/p>    <p>        Nos machines Shuliy s'engagent \u00e0 d\u00e9velopper l'industrie de la protection de l'environnement et des \u00e9conomies d'\u00e9nergie, et continuent \u00e0 promouvoir la glace carbonique utilis\u00e9e dans l'entreposage frigorifique des aliments, le transport de la cha\u00eene du froid et le nettoyage \u00e0 la glace carbonique, la glace carbonique pour les probl\u00e8mes et d'autres domaines d'application, en particulier dans le industrie du pneu, moulage sous pression du caoutchouc, production de pi\u00e8ces automobiles, fabrication de machines et d'\u00e9quipements a\u00e9ronautiques, industrie du moule, mat\u00e9riel d'impression, produits chimiques pour champs p\u00e9trolif\u00e8res, \u00e9lectronique de pr\u00e9cision, instrumentation et autres domaines.<\/p>    <div class=\"wp-block-columns has-2-columns is-layout-flex wp-container-core-columns-is-layout-9d6595d7 wp-block-columns-is-layout-flex\"> <div class=\"wp-block-column is-layout-flow wp-block-column-is-layout-flow\"> <figure class=\"wp-block-image\"><img loading=\"lazy\" decoding=\"async\" width=\"750\" height=\"608\" src=\"https:\/\/www.dry-ice-machine.com\/wp-content\/uploads\/2019\/05\/zs1.jpg\" alt=\"zs1\" class=\"wp-image-698\" title=\"\" srcset=\"https:\/\/www.dry-ice-machine.com\/wp-content\/uploads\/2019\/05\/zs1.jpg 750w, https:\/\/www.dry-ice-machine.com\/wp-content\/uploads\/2019\/05\/zs1-300x243.jpg 300w\" sizes=\"auto, (max-width: 750px) 100vw, 750px\" \/><\/figure> <\/div>    <div class=\"wp-block-column is-layout-flow wp-block-column-is-layout-flow\"> <h3 class=\"index-h3 wp-block-heading\" id=\"h-our-honor-certificates\">Nos certificats d'honneur<\/h3>    <p>        Au cours de nombreuses ann\u00e9es de d\u00e9veloppement, Shuliy Machinery est devenue l'usine professionnelle pour la fabrication de machines \u00e0 glace carbonique de haute qualit\u00e9. <\/p>    <p>Jusqu'\u00e0 pr\u00e9sent, notre soci\u00e9t\u00e9 a acquis les certifications SGS, ISO, BV et CE, etc. Depuis longtemps, nous gardons notre principe de \u00ab\u00a0Recherche pour l'innovation, \u00e9conomie d'\u00e9nergie pour prot\u00e9ger l'environnement\u00a0\u00bb, et notre machine est \u00e9quip\u00e9e de la technologie de pointe internationale en mati\u00e8re de fabrication de glace carbonique. En outre, nous fournissons un service OEM \u00e0 nos clients nationaux et \u00e9trangers. .&nbsp;<\/p>    <p>Les \u00e9quipements et produits de glace carbonique de la s\u00e9rie Shuliy exportent de mani\u00e8re p\u00e9renne dans plus de 60\u00a0pays et r\u00e9gions\u00a0\u00e0 travers le monde et b\u00e9n\u00e9ficient d'une bonne\u00a0r\u00e9putation aupr\u00e8s des clients et des experts \u00e9trangers. <\/p> <\/div> <\/div>    <h2 class=\"index-h2 wp-block-heading\" id=\"h-why-choose-us\">Pourquoi nous choisir?<\/h2>    <div class=\"wp-block-image\"><figure class=\"aligncenter\"><img loading=\"lazy\" decoding=\"async\" width=\"571\" height=\"14\" src=\"https:\/\/www.dry-ice-machine.com\/wp-content\/uploads\/2019\/05\/fgx-1.png\" alt=\"\" class=\"wp-image-409\" title=\"\" srcset=\"https:\/\/www.dry-ice-machine.com\/wp-content\/uploads\/2019\/05\/fgx-1.png 571w, https:\/\/www.dry-ice-machine.com\/wp-content\/uploads\/2019\/05\/fgx-1-300x7.png 300w\" sizes=\"auto, (max-width: 571px) 100vw, 571px\" \/><\/figure><\/div>    <h3 class=\"wp-block-heading\" id=\"h-company-ambitions\">Ambitions de l\u2019entreprise<\/h3>    <p>Shuli Machinery est sp\u00e9cialis\u00e9e dans la conception et la production d'\u00e9quipements de machines \u00e0 glace carbonique et peut vous fournir la machine de fabrication de glace carbonique ou la ligne de production de glace carbonique la plus appropri\u00e9e. Shuliy Machinery s'engage \u00e0 exporter des machines de haute qualit\u00e9 de Chine vers les pays dans le besoin, \u00e0 gagner la confiance des clients du monde entier avec int\u00e9grit\u00e9 et qualit\u00e9, et \u00e0 esp\u00e9rer que nos clients utiliseront nos machines pour promouvoir la production, am\u00e9liorer l'efficacit\u00e9 et augmenter les revenus. . Nous continuerons \u00e0 am\u00e9liorer la qualit\u00e9 de nos produits et \u00e0 cr\u00e9er une meilleure exp\u00e9rience utilisateur et nous nous efforcerons d'\u00eatre votre partenaire exceptionnel, tr\u00e8s digne de confiance et dispos\u00e9 \u00e0 coop\u00e9rer pendant longtemps. <\/p>    <figure class=\"wp-block-embed is-type-video is-provider-youtube wp-block-embed-youtube wp-embed-aspect-16-9 wp-has-aspect-ratio\"><div class=\"wp-block-embed__wrapper\"> <iframe loading=\"lazy\" title=\"Amazing Dry Ice\u00a0: Machine \u00e0 glace carbonique pour granul\u00e9s de glace carbonique, blocs de glace carbonique avec diff\u00e9rentes sp\u00e9cifications\" width=\"1200\" height=\"675\" src=\"https:\/\/www.youtube.com\/embed\/R0qVjPmlBVc?feature=oembed&#038;enablejsapi=1&#038;origin=https:\/\/www.dry-ice-machine.com\" frameborder=\"0\" allow=\"accelerometer; autoplay; clipboard-write; encrypted-media; gyroscope; picture-in-picture\" allowfullscreen><\/iframe> <\/div><figcaption>Usine de machines \u00e0 glace carbonique<\/figcaption><\/figure>    <h3 class=\"wp-block-heading\" id=\"h-customer-services\">Service client<\/h3>    <p class=\"translation-block\"><strong>Avant-vente : <\/strong>notre personnel du service client et nos consultants commerciaux maintiendront une communication continue avec les clients sur les caract\u00e9ristiques du produit de la machine de traitement de la glace carbonique, ainsi que sur les d\u00e9tails, la qualit\u00e9, l'emballage et l'exp\u00e9dition. Rechercher avec nos clients le march\u00e9 local pour les besoins existants et les besoins futurs possibles, les produits de glace carbonique, le prix et le positionnement marketing. Savoir si le client a la capacit\u00e9 d'assembler des pi\u00e8ces et des composants, tels que l'entreposage, la main-d'\u0153uvre, etc. Essayer de r\u00e9duire les co\u00fbts d'achat des clients en calculant tous les d\u00e9tails. <\/p>    <p class=\"translation-block\"><strong>Apr\u00e8s-vente : <\/strong>une fois la commande du client confirm\u00e9e, nous organiserons la livraison dans les plus brefs d\u00e9lais et informerons le client des informations logistiques en temps voulu. Si le client en a besoin, nous pouvons organiser un technicien pour se rendre sur le site du client afin de guider l'installation et la mise en service, et de guider le processus de production en d\u00e9tail. Si le client ach\u00e8te les accessoires de la machine, nous pouvons offrir une r\u00e9duction pour donner au client le meilleur prix. <\/p>    <div class=\"wp-block-columns has-2-columns is-layout-flex wp-container-core-columns-is-layout-9d6595d7 wp-block-columns-is-layout-flex\"> <div class=\"wp-block-column is-layout-flow wp-block-column-is-layout-flow\"> <figure class=\"wp-block-image\"><img loading=\"lazy\" decoding=\"async\" width=\"500\" height=\"375\" src=\"https:\/\/www.dry-ice-machine.com\/wp-content\/uploads\/2019\/05\/factory-1.jpg\" alt=\"usine de machine \u00e0 glace carbonique\" class=\"wp-image-692\" title=\"\" srcset=\"https:\/\/www.dry-ice-machine.com\/wp-content\/uploads\/2019\/05\/factory-1.jpg 500w, https:\/\/www.dry-ice-machine.com\/wp-content\/uploads\/2019\/05\/factory-1-300x225.jpg 300w\" sizes=\"auto, (max-width: 500px) 100vw, 500px\" \/><figcaption>Usine de machines \u00e0 glace carbonique<\/figcaption><\/figure>    <figure class=\"wp-block-image\"><img loading=\"lazy\" decoding=\"async\" width=\"500\" height=\"375\" src=\"https:\/\/www.dry-ice-machine.com\/wp-content\/uploads\/2019\/05\/factory-3.jpg\" alt=\"fabricant de machine \u00e0 glace carbonique\" class=\"wp-image-695\" title=\"\" srcset=\"https:\/\/www.dry-ice-machine.com\/wp-content\/uploads\/2019\/05\/factory-3.jpg 500w, https:\/\/www.dry-ice-machine.com\/wp-content\/uploads\/2019\/05\/factory-3-300x225.jpg 300w\" sizes=\"auto, (max-width: 500px) 100vw, 500px\" \/><figcaption>Fabricant de machine \u00e0 glace carbonique<\/figcaption><\/figure> <\/div>    <div class=\"wp-block-column is-layout-flow wp-block-column-is-layout-flow\"> <figure class=\"wp-block-image\"><img loading=\"lazy\" decoding=\"async\" width=\"500\" height=\"375\" src=\"https:\/\/www.dry-ice-machine.com\/wp-content\/uploads\/2019\/05\/factory-2.jpg\" alt=\"atelier de machine \u00e0 glace carbonique\" class=\"wp-image-694\" title=\"\" srcset=\"https:\/\/www.dry-ice-machine.com\/wp-content\/uploads\/2019\/05\/factory-2.jpg 500w, https:\/\/www.dry-ice-machine.com\/wp-content\/uploads\/2019\/05\/factory-2-300x225.jpg 300w\" sizes=\"auto, (max-width: 500px) 100vw, 500px\" \/><figcaption>Atelier de machine \u00e0 glace carbonique<\/figcaption><\/figure>    <figure class=\"wp-block-image\"><img loading=\"lazy\" decoding=\"async\" width=\"500\" height=\"375\" src=\"https:\/\/www.dry-ice-machine.com\/wp-content\/uploads\/2019\/05\/factory-4.jpg\" alt=\"bo\u00eete de conservation de la chaleur de la glace carbonique\" class=\"wp-image-696\" title=\"\" srcset=\"https:\/\/www.dry-ice-machine.com\/wp-content\/uploads\/2019\/05\/factory-4.jpg 500w, https:\/\/www.dry-ice-machine.com\/wp-content\/uploads\/2019\/05\/factory-4-300x225.jpg 300w\" sizes=\"auto, (max-width: 500px) 100vw, 500px\" \/><figcaption>Bo\u00eete de conservation de la chaleur de la glace carbonique<\/figcaption><\/figure> <\/div> <\/div>    <h2 class=\"index-h2 wp-block-heading\" id=\"h-our-main-products\">nos principaux produits<\/h2>    <div class=\"wp-block-image\"><figure class=\"aligncenter\"><img loading=\"lazy\" decoding=\"async\" width=\"571\" height=\"14\" src=\"https:\/\/www.dry-ice-machine.com\/wp-content\/uploads\/2019\/05\/fgx-1.png\" alt=\"\" class=\"wp-image-409\" title=\"\" srcset=\"https:\/\/www.dry-ice-machine.com\/wp-content\/uploads\/2019\/05\/fgx-1.png 571w, https:\/\/www.dry-ice-machine.com\/wp-content\/uploads\/2019\/05\/fgx-1-300x7.png 300w\" sizes=\"auto, (max-width: 571px) 100vw, 571px\" \/><\/figure><\/div>   <div class=\"pt-cv-wrapper\"><div class=\"pt-cv-view pt-cv-grid pt-cv-colsys\" id=\"pt-cv-view-5a62adbnu0\"><div data-id=\"pt-cv-page-1\" class=\"pt-cv-page\" data-cvc=\"3\"><div class=\"col-md-4 col-sm-4 col-xs-6 pt-cv-content-item pt-cv-1-col\"  data-pid=\"480\"><div class='pt-cv-ifield'><a href=\"https:\/\/www.dry-ice-machine.com\/fr\/complete-set-of-dry-ice-granule-briquetting-machines\/\" class=\"_self pt-cv-href-thumbnail pt-cv-thumb-default cvplbd\" target=\"_self\" ><img loading=\"lazy\" decoding=\"async\" width=\"300\" height=\"218\" src=\"https:\/\/www.dry-ice-machine.com\/wp-content\/uploads\/2019\/05\/complete-set-of-dry-ice-1-1-300x218.jpg\" class=\"pt-cv-thumbnail\" alt=\"Ensemble complet de machines \u00e0 briquettes de granul\u00e9s de glace carbonique\" srcset=\"https:\/\/www.dry-ice-machine.com\/wp-content\/uploads\/2019\/05\/complete-set-of-dry-ice-1-1-300x218.jpg 300w, https:\/\/www.dry-ice-machine.com\/wp-content\/uploads\/2019\/05\/complete-set-of-dry-ice-1-1.jpg 350w\" sizes=\"auto, (max-width: 300px) 100vw, 300px\" title=\"\"><\/a> <h4 class=\"pt-cv-title\"><a href=\"https:\/\/www.dry-ice-machine.com\/fr\/complete-set-of-dry-ice-granule-briquetting-machines\/\" class=\"_self cvplbd\" target=\"_self\" >Ensemble complet de machines \u00e0 briquettes de granul\u00e9s de glace carbonique<\/a><\/h4><\/div><\/div> <div class=\"col-md-4 col-sm-4 col-xs-6 pt-cv-content-item pt-cv-1-col\"  data-pid=\"180\"><div class='pt-cv-ifield'><a href=\"https:\/\/www.dry-ice-machine.com\/fr\/dry-ice-blasting-machine\/\" class=\"_self pt-cv-href-thumbnail pt-cv-thumb-default cvplbd\" target=\"_self\" ><img loading=\"lazy\" decoding=\"async\" width=\"300\" height=\"218\" src=\"https:\/\/www.dry-ice-machine.com\/wp-content\/uploads\/2019\/05\/dry-ice-blasting-1-300x218.jpg\" class=\"pt-cv-thumbnail\" alt=\"Machine de projection de glace carbonique | \u00c9quipement de nettoyage \u00e0 glace carbonique\" srcset=\"https:\/\/www.dry-ice-machine.com\/wp-content\/uploads\/2019\/05\/dry-ice-blasting-1-300x218.jpg 300w, https:\/\/www.dry-ice-machine.com\/wp-content\/uploads\/2019\/05\/dry-ice-blasting-1-768x557.jpg 768w, https:\/\/www.dry-ice-machine.com\/wp-content\/uploads\/2019\/05\/dry-ice-blasting-1.jpg 780w\" sizes=\"auto, (max-width: 300px) 100vw, 300px\" title=\"\"><\/a> <h4 class=\"pt-cv-title\"><a href=\"https:\/\/www.dry-ice-machine.com\/fr\/dry-ice-blasting-machine\/\" class=\"_self cvplbd\" target=\"_self\" >Machine de projection de glace carbonique | \u00c9quipement de nettoyage \u00e0 glace carbonique<\/a><\/h4><\/div><\/div> <div class=\"col-md-4 col-sm-4 col-xs-6 pt-cv-content-item pt-cv-1-col\"  data-pid=\"31\"><div class='pt-cv-ifield'><a href=\"https:\/\/www.dry-ice-machine.com\/fr\/dry-ice-block-machine\/\" class=\"_self pt-cv-href-thumbnail pt-cv-thumb-default cvplbd\" target=\"_self\" ><img loading=\"lazy\" decoding=\"async\" width=\"720\" height=\"540\" src=\"https:\/\/www.dry-ice-machine.com\/wp-content\/uploads\/2019\/05\/dry-ice-block-machine-5.jpg\" class=\"pt-cv-thumbnail\" alt=\"machine \u00e0 blocs de glace carbonique\" title=\"\"><\/a> <h4 class=\"pt-cv-title\"><a href=\"https:\/\/www.dry-ice-machine.com\/fr\/dry-ice-block-machine\/\" class=\"_self cvplbd\" target=\"_self\" >Machine \u00e0 blocs de glace carbonique | Machine de production de glace carbonique<\/a><\/h4><\/div><\/div> <div class=\"col-md-4 col-sm-4 col-xs-6 pt-cv-content-item pt-cv-1-col\"  data-pid=\"478\"><div class='pt-cv-ifield'><a href=\"https:\/\/www.dry-ice-machine.com\/fr\/dry-ice-granule-briquetting-machine\/\" class=\"_self pt-cv-href-thumbnail pt-cv-thumb-default cvplbd\" target=\"_self\" ><img loading=\"lazy\" decoding=\"async\" width=\"300\" height=\"218\" src=\"https:\/\/www.dry-ice-machine.com\/wp-content\/uploads\/2019\/05\/dry-ice-granule-briquetting-machine-1-300x218.jpg\" class=\"pt-cv-thumbnail\" alt=\"Machine \u00e0 briquettes de granul\u00e9s de glace carbonique\" srcset=\"https:\/\/www.dry-ice-machine.com\/wp-content\/uploads\/2019\/05\/dry-ice-granule-briquetting-machine-1-300x218.jpg 300w, https:\/\/www.dry-ice-machine.com\/wp-content\/uploads\/2019\/05\/dry-ice-granule-briquetting-machine-1-768x557.jpg 768w, https:\/\/www.dry-ice-machine.com\/wp-content\/uploads\/2019\/05\/dry-ice-granule-briquetting-machine-1.jpg 1024w\" sizes=\"auto, (max-width: 300px) 100vw, 300px\" title=\"\"><\/a> <h4 class=\"pt-cv-title\"><a href=\"https:\/\/www.dry-ice-machine.com\/fr\/dry-ice-granule-briquetting-machine\/\" class=\"_self cvplbd\" target=\"_self\" >Machine \u00e0 briquettes de granul\u00e9s de glace carbonique<\/a><\/h4><\/div><\/div> <div class=\"col-md-4 col-sm-4 col-xs-6 pt-cv-content-item pt-cv-1-col\"  data-pid=\"182\"><div class='pt-cv-ifield'><a href=\"https:\/\/www.dry-ice-machine.com\/fr\/dry-ice-heat-preservation-box\/\" class=\"_self pt-cv-href-thumbnail pt-cv-thumb-default cvplbd\" target=\"_self\" ><img loading=\"lazy\" decoding=\"async\" width=\"300\" height=\"218\" src=\"https:\/\/www.dry-ice-machine.com\/wp-content\/uploads\/2019\/05\/dibox-300x218.jpg\" class=\"pt-cv-thumbnail\" alt=\"Bo\u00eete de conservation de la chaleur de la glace carbonique\" srcset=\"https:\/\/www.dry-ice-machine.com\/wp-content\/uploads\/2019\/05\/dibox-300x218.jpg 300w, https:\/\/www.dry-ice-machine.com\/wp-content\/uploads\/2019\/05\/dibox-768x557.jpg 768w, https:\/\/www.dry-ice-machine.com\/wp-content\/uploads\/2019\/05\/dibox.jpg 780w\" sizes=\"auto, (max-width: 300px) 100vw, 300px\" title=\"\"><\/a> <h4 class=\"pt-cv-title\"><a href=\"https:\/\/www.dry-ice-machine.com\/fr\/dry-ice-heat-preservation-box\/\" class=\"_self cvplbd\" target=\"_self\" >Bo\u00eete de conservation de la chaleur de la glace carbonique<\/a><\/h4><\/div><\/div> <div class=\"col-md-4 col-sm-4 col-xs-6 pt-cv-content-item pt-cv-1-col\"  data-pid=\"178\"><div class='pt-cv-ifield'><a href=\"https:\/\/www.dry-ice-machine.com\/fr\/dry-ice-granular-machine\/\" class=\"_self pt-cv-href-thumbnail pt-cv-thumb-default cvplbd\" target=\"_self\" ><img loading=\"lazy\" decoding=\"async\" width=\"300\" height=\"218\" src=\"https:\/\/www.dry-ice-machine.com\/wp-content\/uploads\/2019\/05\/dry-ice-granular-1-300x218.jpg\" class=\"pt-cv-thumbnail\" alt=\"Pelletiseur de glace carbonique | Fabricant de granul\u00e9s de glace carbonique\" srcset=\"https:\/\/www.dry-ice-machine.com\/wp-content\/uploads\/2019\/05\/dry-ice-granular-1-300x218.jpg 300w, https:\/\/www.dry-ice-machine.com\/wp-content\/uploads\/2019\/05\/dry-ice-granular-1-768x557.jpg 768w, https:\/\/www.dry-ice-machine.com\/wp-content\/uploads\/2019\/05\/dry-ice-granular-1.jpg 780w\" sizes=\"auto, (max-width: 300px) 100vw, 300px\" title=\"\"><\/a> <h4 class=\"pt-cv-title\"><a href=\"https:\/\/www.dry-ice-machine.com\/fr\/dry-ice-granular-machine\/\" class=\"_self cvplbd\" target=\"_self\" >Pelletiseur de glace carbonique | Fabricant de granul\u00e9s de glace carbonique<\/a><\/h4><\/div><\/div><\/div><\/div><\/div>\t\t\t<style type=\"text\/css\" id=\"pt-cv-inline-style-f9e8804ugl\">#pt-cv-view-5a62adbnu0 .pt-cv-title a, #pt-cv-view-5a62adbnu0  .panel-title { font-weight: 600 !important; } #pt-cv-view-5a62adbnu0 .pt-cv-readmore  { color: #ffffff !important; background-color: #00aeef !important; } #pt-cv-view-5a62adbnu0 .pt-cv-readmore:hover  { color: #ffffff !important; background-color: #00aeef !important; }<\/style>  \t\t\t    <hr class=\"wp-block-separator\"\/>    <div class=\"wp-block-columns has-3-columns is-layout-flex wp-container-core-columns-is-layout-9d6595d7 wp-block-columns-is-layout-flex\"> <div class=\"wp-block-column is-layout-flow wp-block-column-is-layout-flow\"> <h3 class=\"index-h3 wp-block-heading\" id=\"h-customer-cases\">Cas clients<\/h3>    <p class=\"has-background\" style=\"background-color:#ebf1f9;font-size:1px\">(Tous les cas sont publi\u00e9s avec l\u2019autorisation du client)<\/p> <\/div>    <div class=\"wp-block-column is-layout-flow wp-block-column-is-layout-flow\"> <figure class=\"wp-block-image\"><img loading=\"lazy\" decoding=\"async\" width=\"426\" height=\"277\" src=\"https:\/\/www.dry-ice-machine.com\/wp-content\/uploads\/2019\/05\/customer-1.png\" alt=\"\" class=\"wp-image-421\" title=\"\" srcset=\"https:\/\/www.dry-ice-machine.com\/wp-content\/uploads\/2019\/05\/customer-1.png 426w, https:\/\/www.dry-ice-machine.com\/wp-content\/uploads\/2019\/05\/customer-1-300x195.png 300w\" sizes=\"auto, (max-width: 426px) 100vw, 426px\" \/><\/figure> <\/div>    <div class=\"wp-block-column is-layout-flow wp-block-column-is-layout-flow\"> <figure class=\"wp-block-image\"><img loading=\"lazy\" decoding=\"async\" width=\"409\" height=\"275\" src=\"https:\/\/www.dry-ice-machine.com\/wp-content\/uploads\/2019\/05\/customer-10.png\" alt=\"\" class=\"wp-image-420\" title=\"\" srcset=\"https:\/\/www.dry-ice-machine.com\/wp-content\/uploads\/2019\/05\/customer-10.png 409w, https:\/\/www.dry-ice-machine.com\/wp-content\/uploads\/2019\/05\/customer-10-300x202.png 300w\" sizes=\"auto, (max-width: 409px) 100vw, 409px\" \/><\/figure> <\/div> <\/div>","protected":false},"excerpt":{"rendered":"<p class=\"translation-block\">Shuliy machinery Co., Ltd. Shuliy machinery est situ\u00e9e dans la belle ville de Zhengzhou, en Chine, fond\u00e9e en 2011 pour d\u00e9velopper et fabriquer une s\u00e9rie de produits de machines \u00e0 glace s\u00e8che. Les machines \u00e0 glace s\u00e8che de la marque Shuliy pr\u00e9sentent les avantages d'un contenu technologique \u00e9lev\u00e9, d'une faible consommation d'\u00e9nergie globale, de faibles co\u00fbts de maintenance, d'un fonctionnement stable, d'une utilisation facile et d'une qualit\u00e9 de premier ordre \u2026 <a title=\"Fournisseur d'\u00e9quipements complets de fabrication de glace s\u00e8che\" class=\"read-more\" href=\"https:\/\/www.dry-ice-machine.com\/fr\/\" aria-label=\"En savoir plus sur Fournisseur d'\u00e9quipements complets de fabrication de glace s\u00e8che\">Lire la suite<\/a><\/p>","protected":false},"author":1,"featured_media":0,"parent":0,"menu_order":0,"comment_status":"closed","ping_status":"closed","template":"","meta":{"footnotes":""},"class_list":["post-214","page","type-page","status-publish"],"_links":{"self":[{"href":"https:\/\/www.dry-ice-machine.com\/fr\/wp-json\/wp\/v2\/pages\/214","targetHints":{"allow":["GET"]}}],"collection":[{"href":"https:\/\/www.dry-ice-machine.com\/fr\/wp-json\/wp\/v2\/pages"}],"about":[{"href":"https:\/\/www.dry-ice-machine.com\/fr\/wp-json\/wp\/v2\/types\/page"}],"author":[{"embeddable":true,"href":"https:\/\/www.dry-ice-machine.com\/fr\/wp-json\/wp\/v2\/users\/1"}],"replies":[{"embeddable":true,"href":"https:\/\/www.dry-ice-machine.com\/fr\/wp-json\/wp\/v2\/comments?post=214"}],"version-history":[{"count":0,"href":"https:\/\/www.dry-ice-machine.com\/fr\/wp-json\/wp\/v2\/pages\/214\/revisions"}],"wp:attachment":[{"href":"https:\/\/www.dry-ice-machine.com\/fr\/wp-json\/wp\/v2\/media?parent=214"}],"curies":[{"name":"wp","href":"https:\/\/api.w.org\/{rel}","templated":true}]}}