{"id":214,"date":"2019-05-13T07:23:41","date_gmt":"2019-05-13T07:23:41","guid":{"rendered":"https:\/\/www.dry-ice-machine.com\/?page_id=214"},"modified":"2022-03-02T10:51:49","modified_gmt":"2022-03-02T02:51:49","slug":"index","status":"publish","type":"page","link":"https:\/\/www.dry-ice-machine.com\/es\/","title":{"rendered":"Proveedor de equipos completos para la fabricaci\u00f3n de hielo seco."},"content":{"rendered":"<h2 class=\"index-h2 wp-block-heading\" id=\"h-shuliy-machinery-co-ltd\">Shuliy maquinaria Co., Ltd.<\/h2>    <div class=\"wp-block-image\"><figure class=\"aligncenter\"><img loading=\"lazy\" decoding=\"async\" width=\"571\" height=\"14\" src=\"https:\/\/www.dry-ice-machine.com\/wp-content\/uploads\/2019\/05\/fgx-1.png\" alt=\"\" class=\"wp-image-409\" title=\"\" srcset=\"https:\/\/www.dry-ice-machine.com\/wp-content\/uploads\/2019\/05\/fgx-1.png 571w, https:\/\/www.dry-ice-machine.com\/wp-content\/uploads\/2019\/05\/fgx-1-300x7.png 300w\" sizes=\"auto, (max-width: 571px) 100vw, 571px\" \/><\/figure><\/div>    <p class=\"has-text-align-left\">        Shuliy Machinery est\u00e1 ubicada en la hermosa ciudad de Zhengzhou, China, y fue fundada en 2011 para desarrollar y fabricar una serie de productos de m\u00e1quinas de hielo seco. Las m\u00e1quinas de hielo seco de la marca Shuliy, con las ventajas de contenido de alta tecnolog\u00eda, bajo consumo de energ\u00eda integral, bajos costos de mantenimiento, operaci\u00f3n estable, f\u00e1cil operaci\u00f3n y servicio postventa de primera clase, han estado en la lista superior en la participaci\u00f3n de mercado nacional y extranjera. .<\/p>    <p>        Nuestra maquinaria Shuliy est\u00e1 comprometida con el desarrollo de la industria de protecci\u00f3n del medio ambiente y conservaci\u00f3n de energ\u00eda, y contin\u00faa promoviendo el hielo seco utilizado en el almacenamiento en fr\u00edo de alimentos, el transporte de la cadena de fr\u00edo y la limpieza con hielo seco, el hielo seco para fallas t\u00e9cnicas y otros campos de aplicaci\u00f3n, especialmente en el industria de neum\u00e1ticos, fundici\u00f3n a presi\u00f3n de caucho, producci\u00f3n de autopartes, fabricaci\u00f3n de maquinaria y equipos de aviaci\u00f3n, industria de moldes, equipos de impresi\u00f3n, productos qu\u00edmicos para yacimientos petrol\u00edferos, electr\u00f3nica de precisi\u00f3n, instrumentaci\u00f3n y otros campos.<\/p>    <div class=\"wp-block-columns has-2-columns is-layout-flex wp-container-core-columns-is-layout-9d6595d7 wp-block-columns-is-layout-flex\"> <div class=\"wp-block-column is-layout-flow wp-block-column-is-layout-flow\"> <figure class=\"wp-block-image\"><img loading=\"lazy\" decoding=\"async\" width=\"750\" height=\"608\" src=\"https:\/\/www.dry-ice-machine.com\/wp-content\/uploads\/2019\/05\/zs1.jpg\" alt=\"zs1\" class=\"wp-image-698\" title=\"\" srcset=\"https:\/\/www.dry-ice-machine.com\/wp-content\/uploads\/2019\/05\/zs1.jpg 750w, https:\/\/www.dry-ice-machine.com\/wp-content\/uploads\/2019\/05\/zs1-300x243.jpg 300w\" sizes=\"auto, (max-width: 750px) 100vw, 750px\" \/><\/figure> <\/div>    <div class=\"wp-block-column is-layout-flow wp-block-column-is-layout-flow\"> <h3 class=\"index-h3 wp-block-heading\" id=\"h-our-honor-certificates\">Nuestros Certificados de Honor<\/h3>    <p>        A lo largo de muchos a\u00f1os de desarrollo, Shuliy Machinery ha sido la f\u00e1brica profesional para fabricar m\u00e1quinas de hielo seco de alta calidad. <\/p>    <p>Hasta ahora, nuestra empresa ha adquirido certificaciones SGS, ISO, BV y CE, etc. Desde hace mucho tiempo, mantenemos nuestro principio de \"Investigar para innovar, ahorrar energ\u00eda para proteger el medio ambiente\" y nuestra m\u00e1quina est\u00e1 equipada con la tecnolog\u00eda l\u00edder internacional de fabricaci\u00f3n de hielo seco. Adem\u00e1s, brindamos servicio OEM para nuestros clientes nacionales y extranjeros. .&nbsp;<\/p>    <p>Los equipos y productos de hielo seco de la serie Shuliy exportan perennemente a m\u00e1s de 60 pa\u00edses y regiones en todo el mundo y obtienen buena reputaci\u00f3n de clientes y expertos en el extranjero. <\/p> <\/div> <\/div>    <h2 class=\"index-h2 wp-block-heading\" id=\"h-why-choose-us\">\u00bfPor qu\u00e9 elegirnos?<\/h2>    <div class=\"wp-block-image\"><figure class=\"aligncenter\"><img loading=\"lazy\" decoding=\"async\" width=\"571\" height=\"14\" src=\"https:\/\/www.dry-ice-machine.com\/wp-content\/uploads\/2019\/05\/fgx-1.png\" alt=\"\" class=\"wp-image-409\" title=\"\" srcset=\"https:\/\/www.dry-ice-machine.com\/wp-content\/uploads\/2019\/05\/fgx-1.png 571w, https:\/\/www.dry-ice-machine.com\/wp-content\/uploads\/2019\/05\/fgx-1-300x7.png 300w\" sizes=\"auto, (max-width: 571px) 100vw, 571px\" \/><\/figure><\/div>    <h3 class=\"wp-block-heading\" id=\"h-company-ambitions\">Ambiciones de la empresa<\/h3>    <p>Shuli Machinery est\u00e1 especializada en el dise\u00f1o y producci\u00f3n de equipos para m\u00e1quinas de hielo seco y puede proporcionarle la m\u00e1quina o l\u00ednea de producci\u00f3n de hielo seco m\u00e1s adecuada. Shuliy Machinery se compromete a exportar maquinaria de alta calidad desde China a pa\u00edses necesitados, gan\u00e1ndose la confianza de clientes de todo el mundo con integridad y calidad, y esperando que nuestros clientes utilicen nuestra maquinaria para promover la producci\u00f3n, mejorar la eficiencia y aumentar los ingresos. . Continuaremos mejorando la calidad de nuestros productos y creando una mejor experiencia de usuario y nos esforzaremos por ser su socio destacado, muy confiable y dispuesto a cooperar durante mucho tiempo. <\/p>    <figure class=\"wp-block-embed is-type-video is-provider-youtube wp-block-embed-youtube wp-embed-aspect-16-9 wp-has-aspect-ratio\"><div class=\"wp-block-embed__wrapper\"> <iframe loading=\"lazy\" title=\"Amazing Dry Ice: M\u00e1quina de hielo seco para pellets de hielo seco, bloques de hielo seco con diferentes especificaciones\" width=\"1200\" height=\"675\" src=\"https:\/\/www.youtube.com\/embed\/R0qVjPmlBVc?feature=oembed&#038;enablejsapi=1&#038;origin=https:\/\/www.dry-ice-machine.com\" frameborder=\"0\" allow=\"accelerometer; autoplay; clipboard-write; encrypted-media; gyroscope; picture-in-picture\" allowfullscreen><\/iframe> <\/div><figcaption>F\u00e1brica de m\u00e1quinas de hielo seco<\/figcaption><\/figure>    <h3 class=\"wp-block-heading\" id=\"h-customer-services\">Servicios al cliente<\/h3>    <p class=\"translation-block\"><strong>Antes de la venta: <\/strong>nuestro personal de servicio al cliente y consultores de ventas mantendr\u00e1n una comunicaci\u00f3n continua con los clientes sobre las caracter\u00edsticas del producto de la m\u00e1quina de procesamiento de hielo seco y los detalles, calidad, embalaje y env\u00edo. Investigar con nuestros clientes sobre las necesidades existentes y posibles necesidades futuras en el mercado local, productos de hielo seco, precio y posicionamiento de marketing. Saber si el cliente tiene la capacidad de ensamblar piezas y componentes, como almacenamiento, mano de obra, etc. Intentar reducir los costos de compra de los clientes calculando todos los detalles. <\/p>    <p class=\"translation-block\"><strong>Despu\u00e9s de la venta: <\/strong>una vez confirmado el pedido del cliente, organizaremos la entrega lo antes posible y notificaremos al cliente la informaci\u00f3n de log\u00edstica a tiempo. Si el cliente lo necesita, podemos organizar que el t\u00e9cnico vaya a la ubicaci\u00f3n del cliente para guiar la instalaci\u00f3n y puesta en marcha, y guiar el proceso de producci\u00f3n en detalle. Si el cliente compra los accesorios de la m\u00e1quina, podemos ofrecer un descuento para dar al cliente el mejor precio. <\/p>    <div class=\"wp-block-columns has-2-columns is-layout-flex wp-container-core-columns-is-layout-9d6595d7 wp-block-columns-is-layout-flex\"> <div class=\"wp-block-column is-layout-flow wp-block-column-is-layout-flow\"> <figure class=\"wp-block-image\"><img loading=\"lazy\" decoding=\"async\" width=\"500\" height=\"375\" src=\"https:\/\/www.dry-ice-machine.com\/wp-content\/uploads\/2019\/05\/factory-1.jpg\" alt=\"f\u00e1brica de m\u00e1quinas de hielo seco\" class=\"wp-image-692\" title=\"\" srcset=\"https:\/\/www.dry-ice-machine.com\/wp-content\/uploads\/2019\/05\/factory-1.jpg 500w, https:\/\/www.dry-ice-machine.com\/wp-content\/uploads\/2019\/05\/factory-1-300x225.jpg 300w\" sizes=\"auto, (max-width: 500px) 100vw, 500px\" \/><figcaption>F\u00e1brica de m\u00e1quinas de hielo seco<\/figcaption><\/figure>    <figure class=\"wp-block-image\"><img loading=\"lazy\" decoding=\"async\" width=\"500\" height=\"375\" src=\"https:\/\/www.dry-ice-machine.com\/wp-content\/uploads\/2019\/05\/factory-3.jpg\" alt=\"fabricante de m\u00e1quinas de hielo seco\" class=\"wp-image-695\" title=\"\" srcset=\"https:\/\/www.dry-ice-machine.com\/wp-content\/uploads\/2019\/05\/factory-3.jpg 500w, https:\/\/www.dry-ice-machine.com\/wp-content\/uploads\/2019\/05\/factory-3-300x225.jpg 300w\" sizes=\"auto, (max-width: 500px) 100vw, 500px\" \/><figcaption>Fabricante de m\u00e1quinas de hielo seco<\/figcaption><\/figure> <\/div>    <div class=\"wp-block-column is-layout-flow wp-block-column-is-layout-flow\"> <figure class=\"wp-block-image\"><img loading=\"lazy\" decoding=\"async\" width=\"500\" height=\"375\" src=\"https:\/\/www.dry-ice-machine.com\/wp-content\/uploads\/2019\/05\/factory-2.jpg\" alt=\"taller de maquinas de hielo seco\" class=\"wp-image-694\" title=\"\" srcset=\"https:\/\/www.dry-ice-machine.com\/wp-content\/uploads\/2019\/05\/factory-2.jpg 500w, https:\/\/www.dry-ice-machine.com\/wp-content\/uploads\/2019\/05\/factory-2-300x225.jpg 300w\" sizes=\"auto, (max-width: 500px) 100vw, 500px\" \/><figcaption>Taller de m\u00e1quina de hielo seco<\/figcaption><\/figure>    <figure class=\"wp-block-image\"><img loading=\"lazy\" decoding=\"async\" width=\"500\" height=\"375\" src=\"https:\/\/www.dry-ice-machine.com\/wp-content\/uploads\/2019\/05\/factory-4.jpg\" alt=\"caja de preservaci\u00f3n del calor con hielo seco\" class=\"wp-image-696\" title=\"\" srcset=\"https:\/\/www.dry-ice-machine.com\/wp-content\/uploads\/2019\/05\/factory-4.jpg 500w, https:\/\/www.dry-ice-machine.com\/wp-content\/uploads\/2019\/05\/factory-4-300x225.jpg 300w\" sizes=\"auto, (max-width: 500px) 100vw, 500px\" \/><figcaption>Caja de preservaci\u00f3n del calor con hielo seco<\/figcaption><\/figure> <\/div> <\/div>    <h2 class=\"index-h2 wp-block-heading\" id=\"h-our-main-products\">nuestros principales productos<\/h2>    <div class=\"wp-block-image\"><figure class=\"aligncenter\"><img loading=\"lazy\" decoding=\"async\" width=\"571\" height=\"14\" src=\"https:\/\/www.dry-ice-machine.com\/wp-content\/uploads\/2019\/05\/fgx-1.png\" alt=\"\" class=\"wp-image-409\" title=\"\" srcset=\"https:\/\/www.dry-ice-machine.com\/wp-content\/uploads\/2019\/05\/fgx-1.png 571w, https:\/\/www.dry-ice-machine.com\/wp-content\/uploads\/2019\/05\/fgx-1-300x7.png 300w\" sizes=\"auto, (max-width: 571px) 100vw, 571px\" \/><\/figure><\/div>   <div class=\"pt-cv-wrapper\"><div class=\"pt-cv-view pt-cv-grid pt-cv-colsys\" id=\"pt-cv-view-5a62adbnu0\"><div data-id=\"pt-cv-page-1\" class=\"pt-cv-page\" data-cvc=\"3\"><div class=\"col-md-4 col-sm-4 col-xs-6 pt-cv-content-item pt-cv-1-col\"  data-pid=\"480\"><div class='pt-cv-ifield'><a href=\"https:\/\/www.dry-ice-machine.com\/es\/complete-set-of-dry-ice-granule-briquetting-machines\/\" class=\"_self pt-cv-href-thumbnail pt-cv-thumb-default cvplbd\" target=\"_self\" ><img loading=\"lazy\" decoding=\"async\" width=\"300\" height=\"218\" src=\"https:\/\/www.dry-ice-machine.com\/wp-content\/uploads\/2019\/05\/complete-set-of-dry-ice-1-1-300x218.jpg\" class=\"pt-cv-thumbnail\" alt=\"Juego completo de briquetadoras de gr\u00e1nulos de hielo seco.\" srcset=\"https:\/\/www.dry-ice-machine.com\/wp-content\/uploads\/2019\/05\/complete-set-of-dry-ice-1-1-300x218.jpg 300w, https:\/\/www.dry-ice-machine.com\/wp-content\/uploads\/2019\/05\/complete-set-of-dry-ice-1-1.jpg 350w\" sizes=\"auto, (max-width: 300px) 100vw, 300px\" title=\"\"><\/a> <h4 class=\"pt-cv-title\"><a href=\"https:\/\/www.dry-ice-machine.com\/es\/complete-set-of-dry-ice-granule-briquetting-machines\/\" class=\"_self cvplbd\" target=\"_self\" >Juego completo de briquetadoras de gr\u00e1nulos de hielo seco.<\/a><\/h4><\/div><\/div> <div class=\"col-md-4 col-sm-4 col-xs-6 pt-cv-content-item pt-cv-1-col\"  data-pid=\"180\"><div class='pt-cv-ifield'><a href=\"https:\/\/www.dry-ice-machine.com\/es\/dry-ice-blasting-machine\/\" class=\"_self pt-cv-href-thumbnail pt-cv-thumb-default cvplbd\" target=\"_self\" ><img loading=\"lazy\" decoding=\"async\" width=\"300\" height=\"218\" src=\"https:\/\/www.dry-ice-machine.com\/wp-content\/uploads\/2019\/05\/dry-ice-blasting-1-300x218.jpg\" class=\"pt-cv-thumbnail\" alt=\"M\u00e1quina de limpieza criog\u00e9nica | Equipos de limpieza con hielo seco\" srcset=\"https:\/\/www.dry-ice-machine.com\/wp-content\/uploads\/2019\/05\/dry-ice-blasting-1-300x218.jpg 300w, https:\/\/www.dry-ice-machine.com\/wp-content\/uploads\/2019\/05\/dry-ice-blasting-1-768x557.jpg 768w, https:\/\/www.dry-ice-machine.com\/wp-content\/uploads\/2019\/05\/dry-ice-blasting-1.jpg 780w\" sizes=\"auto, (max-width: 300px) 100vw, 300px\" title=\"\"><\/a> <h4 class=\"pt-cv-title\"><a href=\"https:\/\/www.dry-ice-machine.com\/es\/dry-ice-blasting-machine\/\" class=\"_self cvplbd\" target=\"_self\" >M\u00e1quina de limpieza criog\u00e9nica | Equipos de limpieza con hielo seco<\/a><\/h4><\/div><\/div> <div class=\"col-md-4 col-sm-4 col-xs-6 pt-cv-content-item pt-cv-1-col\"  data-pid=\"31\"><div class='pt-cv-ifield'><a href=\"https:\/\/www.dry-ice-machine.com\/es\/dry-ice-block-machine\/\" class=\"_self pt-cv-href-thumbnail pt-cv-thumb-default cvplbd\" target=\"_self\" ><img loading=\"lazy\" decoding=\"async\" width=\"720\" height=\"540\" src=\"https:\/\/www.dry-ice-machine.com\/wp-content\/uploads\/2019\/05\/dry-ice-block-machine-5.jpg\" class=\"pt-cv-thumbnail\" alt=\"maquina para fabricar hielo seco\" title=\"\"><\/a> <h4 class=\"pt-cv-title\"><a href=\"https:\/\/www.dry-ice-machine.com\/es\/dry-ice-block-machine\/\" class=\"_self cvplbd\" target=\"_self\" >M\u00e1quina para fabricar hielo seco | M\u00e1quina de producci\u00f3n de hielo seco.<\/a><\/h4><\/div><\/div> <div class=\"col-md-4 col-sm-4 col-xs-6 pt-cv-content-item pt-cv-1-col\"  data-pid=\"478\"><div class='pt-cv-ifield'><a href=\"https:\/\/www.dry-ice-machine.com\/es\/dry-ice-granule-briquetting-machine\/\" class=\"_self pt-cv-href-thumbnail pt-cv-thumb-default cvplbd\" target=\"_self\" ><img loading=\"lazy\" decoding=\"async\" width=\"300\" height=\"218\" src=\"https:\/\/www.dry-ice-machine.com\/wp-content\/uploads\/2019\/05\/dry-ice-granule-briquetting-machine-1-300x218.jpg\" class=\"pt-cv-thumbnail\" alt=\"M\u00e1quina briquetadora de gr\u00e1nulos de hielo seco\" srcset=\"https:\/\/www.dry-ice-machine.com\/wp-content\/uploads\/2019\/05\/dry-ice-granule-briquetting-machine-1-300x218.jpg 300w, https:\/\/www.dry-ice-machine.com\/wp-content\/uploads\/2019\/05\/dry-ice-granule-briquetting-machine-1-768x557.jpg 768w, https:\/\/www.dry-ice-machine.com\/wp-content\/uploads\/2019\/05\/dry-ice-granule-briquetting-machine-1.jpg 1024w\" sizes=\"auto, (max-width: 300px) 100vw, 300px\" title=\"\"><\/a> <h4 class=\"pt-cv-title\"><a href=\"https:\/\/www.dry-ice-machine.com\/es\/dry-ice-granule-briquetting-machine\/\" class=\"_self cvplbd\" target=\"_self\" >M\u00e1quina briquetadora de gr\u00e1nulos de hielo seco<\/a><\/h4><\/div><\/div> <div class=\"col-md-4 col-sm-4 col-xs-6 pt-cv-content-item pt-cv-1-col\"  data-pid=\"182\"><div class='pt-cv-ifield'><a href=\"https:\/\/www.dry-ice-machine.com\/es\/dry-ice-heat-preservation-box\/\" class=\"_self pt-cv-href-thumbnail pt-cv-thumb-default cvplbd\" target=\"_self\" ><img loading=\"lazy\" decoding=\"async\" width=\"300\" height=\"218\" src=\"https:\/\/www.dry-ice-machine.com\/wp-content\/uploads\/2019\/05\/dibox-300x218.jpg\" class=\"pt-cv-thumbnail\" alt=\"Caja de conservaci\u00f3n del calor con hielo seco.\" srcset=\"https:\/\/www.dry-ice-machine.com\/wp-content\/uploads\/2019\/05\/dibox-300x218.jpg 300w, https:\/\/www.dry-ice-machine.com\/wp-content\/uploads\/2019\/05\/dibox-768x557.jpg 768w, https:\/\/www.dry-ice-machine.com\/wp-content\/uploads\/2019\/05\/dibox.jpg 780w\" sizes=\"auto, (max-width: 300px) 100vw, 300px\" title=\"\"><\/a> <h4 class=\"pt-cv-title\"><a href=\"https:\/\/www.dry-ice-machine.com\/es\/dry-ice-heat-preservation-box\/\" class=\"_self cvplbd\" target=\"_self\" >Caja de conservaci\u00f3n del calor con hielo seco.<\/a><\/h4><\/div><\/div> <div class=\"col-md-4 col-sm-4 col-xs-6 pt-cv-content-item pt-cv-1-col\"  data-pid=\"178\"><div class='pt-cv-ifield'><a href=\"https:\/\/www.dry-ice-machine.com\/es\/dry-ice-granular-machine\/\" class=\"_self pt-cv-href-thumbnail pt-cv-thumb-default cvplbd\" target=\"_self\" ><img loading=\"lazy\" decoding=\"async\" width=\"300\" height=\"218\" src=\"https:\/\/www.dry-ice-machine.com\/wp-content\/uploads\/2019\/05\/dry-ice-granular-1-300x218.jpg\" class=\"pt-cv-thumbnail\" alt=\"Peletizadora con hielo seco | M\u00e1quina de pellets de hielo seco\" srcset=\"https:\/\/www.dry-ice-machine.com\/wp-content\/uploads\/2019\/05\/dry-ice-granular-1-300x218.jpg 300w, https:\/\/www.dry-ice-machine.com\/wp-content\/uploads\/2019\/05\/dry-ice-granular-1-768x557.jpg 768w, https:\/\/www.dry-ice-machine.com\/wp-content\/uploads\/2019\/05\/dry-ice-granular-1.jpg 780w\" sizes=\"auto, (max-width: 300px) 100vw, 300px\" title=\"\"><\/a> <h4 class=\"pt-cv-title\"><a href=\"https:\/\/www.dry-ice-machine.com\/es\/dry-ice-granular-machine\/\" class=\"_self cvplbd\" target=\"_self\" >Peletizadora con hielo seco | M\u00e1quina de pellets de hielo seco<\/a><\/h4><\/div><\/div><\/div><\/div><\/div>\t\t\t<style type=\"text\/css\" id=\"pt-cv-inline-style-a8c0e3fstc\">#pt-cv-view-5a62adbnu0 .pt-cv-title a, #pt-cv-view-5a62adbnu0  .panel-title { font-weight: 600 !important; } #pt-cv-view-5a62adbnu0 .pt-cv-readmore  { color: #ffffff !important; background-color: #00aeef !important; } #pt-cv-view-5a62adbnu0 .pt-cv-readmore:hover  { color: #ffffff !important; background-color: #00aeef !important; }<\/style>  \t\t\t    <hr class=\"wp-block-separator\"\/>    <div class=\"wp-block-columns has-3-columns is-layout-flex wp-container-core-columns-is-layout-9d6595d7 wp-block-columns-is-layout-flex\"> <div class=\"wp-block-column is-layout-flow wp-block-column-is-layout-flow\"> <h3 class=\"index-h3 wp-block-heading\" id=\"h-customer-cases\">Casos de clientes<\/h3>    <p class=\"has-background\" style=\"background-color:#ebf1f9;font-size:1px\">(Todos los casos se publican con el permiso del cliente)<\/p> <\/div>    <div class=\"wp-block-column is-layout-flow wp-block-column-is-layout-flow\"> <figure class=\"wp-block-image\"><img loading=\"lazy\" decoding=\"async\" width=\"426\" height=\"277\" src=\"https:\/\/www.dry-ice-machine.com\/wp-content\/uploads\/2019\/05\/customer-1.png\" alt=\"\" class=\"wp-image-421\" title=\"\" srcset=\"https:\/\/www.dry-ice-machine.com\/wp-content\/uploads\/2019\/05\/customer-1.png 426w, https:\/\/www.dry-ice-machine.com\/wp-content\/uploads\/2019\/05\/customer-1-300x195.png 300w\" sizes=\"auto, (max-width: 426px) 100vw, 426px\" \/><\/figure> <\/div>    <div class=\"wp-block-column is-layout-flow wp-block-column-is-layout-flow\"> <figure class=\"wp-block-image\"><img loading=\"lazy\" decoding=\"async\" width=\"409\" height=\"275\" src=\"https:\/\/www.dry-ice-machine.com\/wp-content\/uploads\/2019\/05\/customer-10.png\" alt=\"\" class=\"wp-image-420\" title=\"\" srcset=\"https:\/\/www.dry-ice-machine.com\/wp-content\/uploads\/2019\/05\/customer-10.png 409w, https:\/\/www.dry-ice-machine.com\/wp-content\/uploads\/2019\/05\/customer-10-300x202.png 300w\" sizes=\"auto, (max-width: 409px) 100vw, 409px\" \/><\/figure> <\/div> <\/div>","protected":false},"excerpt":{"rendered":"<p class=\"translation-block\">Shuliy machinery Co., Ltd. Shuliy machinery is located in the beautiful Zhengzhou city, China, which was founded in 2011 to develop and manufacture a series of dry ice machine products. Shuliy brand dry ice machines with the advantages of high technology content, low comprehensive energy consumption, low maintenance costs, stable operation, easy operation, and first-class &#8230; <a title=\"Supplier of complete dry ice manufacturing equipment\" class=\"read-more\" href=\"https:\/\/www.dry-ice-machine.com\/es\/\" aria-label=\"Leer m\u00e1s sobre Supplier of complete dry ice manufacturing equipment\">Read more<\/a><\/p>","protected":false},"author":1,"featured_media":0,"parent":0,"menu_order":0,"comment_status":"closed","ping_status":"closed","template":"","meta":{"footnotes":""},"class_list":["post-214","page","type-page","status-publish"],"_links":{"self":[{"href":"https:\/\/www.dry-ice-machine.com\/es\/wp-json\/wp\/v2\/pages\/214","targetHints":{"allow":["GET"]}}],"collection":[{"href":"https:\/\/www.dry-ice-machine.com\/es\/wp-json\/wp\/v2\/pages"}],"about":[{"href":"https:\/\/www.dry-ice-machine.com\/es\/wp-json\/wp\/v2\/types\/page"}],"author":[{"embeddable":true,"href":"https:\/\/www.dry-ice-machine.com\/es\/wp-json\/wp\/v2\/users\/1"}],"replies":[{"embeddable":true,"href":"https:\/\/www.dry-ice-machine.com\/es\/wp-json\/wp\/v2\/comments?post=214"}],"version-history":[{"count":0,"href":"https:\/\/www.dry-ice-machine.com\/es\/wp-json\/wp\/v2\/pages\/214\/revisions"}],"wp:attachment":[{"href":"https:\/\/www.dry-ice-machine.com\/es\/wp-json\/wp\/v2\/media?parent=214"}],"curies":[{"name":"wp","href":"https:\/\/api.w.org\/{rel}","templated":true}]}}